{"id":41,"date":"2025-10-31T09:28:25","date_gmt":"2025-10-31T08:28:25","guid":{"rendered":"https:\/\/aeroportducastellet.com\/?page_id=41"},"modified":"2026-02-06T14:07:35","modified_gmt":"2026-02-06T13:07:35","slug":"accueil-vip","status":"publish","type":"page","link":"https:\/\/www.aeroportducastellet.com\/en\/accueil-vip\/","title":{"rendered":"VIP lounge"},"content":{"rendered":"<div data-elementor-type=\"wp-page\" data-elementor-id=\"41\" class=\"elementor elementor-41\" data-elementor-post-type=\"page\">\n\t\t\t\t<div class=\"elementor-element elementor-element-d5a2682 e-flex e-con-boxed e-con e-parent\" data-id=\"d5a2682\" data-element_type=\"container\" data-e-type=\"container\" data-settings=\"{&quot;background_background&quot;:&quot;classic&quot;}\">\n\t\t\t\t\t<div class=\"e-con-inner\">\n\t\t<div class=\"elementor-element elementor-element-bb1bcea e-flex e-con-boxed e-con e-child\" data-id=\"bb1bcea\" data-element_type=\"container\" data-e-type=\"container\">\n\t\t\t\t\t<div class=\"e-con-inner\">\n\t\t\t\t<div class=\"elementor-element elementor-element-8c92ebc animated-fast elementor-invisible elementor-widget elementor-widget-heading\" data-id=\"8c92ebc\" data-element_type=\"widget\" data-e-type=\"widget\" data-settings=\"{&quot;_animation&quot;:&quot;fadeInRight&quot;,&quot;_animation_delay&quot;:100}\" data-widget_type=\"heading.default\">\n\t\t\t\t\t<h1 class=\"elementor-heading-title elementor-size-default\">VIP lounge<\/h1>\t\t\t\t<\/div>\n\t\t\t\t<div class=\"elementor-element elementor-element-8ad9bd7 elementor-widget__width-initial animated-fast elementor-invisible elementor-widget elementor-widget-text-editor\" data-id=\"8ad9bd7\" data-element_type=\"widget\" data-e-type=\"widget\" data-settings=\"{&quot;_animation&quot;:&quot;fadeInRight&quot;,&quot;_animation_delay&quot;:250}\" data-widget_type=\"text-editor.default\">\n\t\t\t\t\t\t\t\t\t<p>A refined experience where every detail is designed to ensure discretion, serenity and quality of service.<\/p>\t\t\t\t\t\t\t\t<\/div>\n\t\t\t\t\t<\/div>\n\t\t\t\t<\/div>\n\t\t\t\t\t<\/div>\n\t\t\t\t<\/div>\n\t\t<div class=\"elementor-element elementor-element-213eaceb e-flex e-con-boxed e-con e-parent\" data-id=\"213eaceb\" data-element_type=\"container\" data-e-type=\"container\" data-settings=\"{&quot;background_background&quot;:&quot;classic&quot;}\">\n\t\t\t\t\t<div class=\"e-con-inner\">\n\t\t<div class=\"elementor-element elementor-element-30060021 e-flex e-con-boxed e-con e-child\" data-id=\"30060021\" data-element_type=\"container\" data-e-type=\"container\">\n\t\t\t\t\t<div class=\"e-con-inner\">\n\t\t\t\t<div class=\"elementor-element elementor-element-5a76ccb3 elementor-widget__width-inherit elementor-widget-tablet__width-initial animated-fast elementor-invisible elementor-widget elementor-widget-heading\" data-id=\"5a76ccb3\" data-element_type=\"widget\" data-e-type=\"widget\" data-settings=\"{&quot;_animation&quot;:&quot;fadeInUp&quot;,&quot;_animation_delay&quot;:200}\" data-widget_type=\"heading.default\">\n\t\t\t\t\t<h2 class=\"elementor-heading-title elementor-size-default\">Your private space<\/h2>\t\t\t\t<\/div>\n\t\t\t\t<div class=\"elementor-element elementor-element-dcef6db elementor-widget__width-initial elementor-widget-tablet__width-inherit animated-fast elementor-invisible elementor-widget elementor-widget-text-editor\" data-id=\"dcef6db\" data-element_type=\"widget\" data-e-type=\"widget\" data-settings=\"{&quot;_animation&quot;:&quot;fadeInUp&quot;,&quot;_animation_delay&quot;:400}\" data-widget_type=\"text-editor.default\">\n\t\t\t\t\t\t\t\t\t<p>Designed to welcome private aircraft and passengers from around the world, Le Castellet International Airport has developed an environment focused on comfort and the high standards of business aviation.<\/p>\t\t\t\t\t\t\t\t<\/div>\n\t\t\t\t<div class=\"elementor-element elementor-element-a253f58 elementor-widget__width-initial elementor-widget-tablet__width-inherit elementor-invisible elementor-widget elementor-widget-text-editor\" data-id=\"a253f58\" data-element_type=\"widget\" data-e-type=\"widget\" data-settings=\"{&quot;_animation&quot;:&quot;fadeInUp&quot;,&quot;_animation_delay&quot;:400}\" data-widget_type=\"text-editor.default\">\n\t\t\t\t\t\t\t\t\t<p>The VIP hall now offers a privileged welcome with a private bar, high-end catering service and dedicated concierge, ensuring a personalized experience combining confidentiality, efficiency and excellence of service.<\/p>\t\t\t\t\t\t\t\t<\/div>\n\t\t\t\t\t<\/div>\n\t\t\t\t<\/div>\n\t\t<div class=\"elementor-element elementor-element-9e92663 animated-fast e-con-full e-flex elementor-invisible e-con e-child\" data-id=\"9e92663\" data-element_type=\"container\" data-e-type=\"container\" data-settings=\"{&quot;animation&quot;:&quot;fadeIn&quot;,&quot;animation_delay&quot;:750}\">\n\t\t<div class=\"elementor-element elementor-element-635ca8b6 e-grid e-con-full e-con e-child\" data-id=\"635ca8b6\" data-element_type=\"container\" data-e-type=\"container\">\n\t\t\t\t<div class=\"elementor-element elementor-element-4325e48 animated-fast elementor-invisible elementor-widget elementor-widget-image\" data-id=\"4325e48\" data-element_type=\"widget\" data-e-type=\"widget\" data-settings=\"{&quot;_animation&quot;:&quot;fadeInLeft&quot;,&quot;_animation_delay&quot;:300}\" data-widget_type=\"image.default\">\n\t\t\t\t\t\t\t\t\t\t\t\t\t\t\t\t<a href=\"https:\/\/aeroportducastellet.com\/wp-content\/uploads\/2025\/12\/ACCUEIL-Aeroport-International-du-Castellet.jpg\" data-elementor-open-lightbox=\"yes\" data-elementor-lightbox-title=\"Accueil de l&#039;Ae\u0301roport International du Castellet\" data-e-action-hash=\"#elementor-action%3Aaction%3Dlightbox%26settings%3DeyJpZCI6Njk5LCJ1cmwiOiJodHRwczpcL1wvd3d3LmFlcm9wb3J0ZHVjYXN0ZWxsZXQuY29tXC93cC1jb250ZW50XC91cGxvYWRzXC8yMDI1XC8xMlwvQUNDVUVJTC1BZXJvcG9ydC1JbnRlcm5hdGlvbmFsLWR1LUNhc3RlbGxldC5qcGcifQ%3D%3D\">\n\t\t\t\t\t\t\t<img decoding=\"async\" data-src=\"https:\/\/www.aeroportducastellet.com\/wp-content\/uploads\/elementor\/thumbs\/ACCUEIL-Aeroport-International-du-Castellet-rfrpxxzu39so69azi1cp5ofjfy2hptf70vys65uqnk.jpg\" title=\"Accueil de l&rsquo;Ae\u0301roport International du Castellet\" alt=\"Accueil de l&#039;Ae\u0301roport International du Castellet\" src=\"data:image\/svg+xml;base64,PHN2ZyB3aWR0aD0iMSIgaGVpZ2h0PSIxIiB4bWxucz0iaHR0cDovL3d3dy53My5vcmcvMjAwMC9zdmciPjwvc3ZnPg==\" class=\"lazyload\" style=\"--smush-placeholder-width: 800px; --smush-placeholder-aspect-ratio: 800\/600;\" \/>\t\t\t\t\t\t\t\t<\/a>\n\t\t\t\t\t\t\t\t\t\t\t\t\t\t\t<\/div>\n\t\t\t\t<div class=\"elementor-element elementor-element-6d88ab5f elementor-invisible elementor-widget elementor-widget-image\" data-id=\"6d88ab5f\" data-element_type=\"widget\" data-e-type=\"widget\" data-settings=\"{&quot;_animation&quot;:&quot;fadeInUp&quot;,&quot;_animation_delay&quot;:300}\" data-widget_type=\"image.default\">\n\t\t\t\t\t\t\t\t\t\t\t\t\t\t\t\t<a href=\"https:\/\/aeroportducastellet.com\/wp-content\/uploads\/2025\/12\/CONCIERGERIE-Aeroport-International-du-Castellet.jpg\" data-elementor-open-lightbox=\"yes\" data-elementor-lightbox-title=\"Conciergerie de l&#039;Ae\u0301roport International du Castellet\" data-e-action-hash=\"#elementor-action%3Aaction%3Dlightbox%26settings%3DeyJpZCI6Njg1LCJ1cmwiOiJodHRwczpcL1wvd3d3LmFlcm9wb3J0ZHVjYXN0ZWxsZXQuY29tXC93cC1jb250ZW50XC91cGxvYWRzXC8yMDI1XC8xMlwvQ09OQ0lFUkdFUklFLUFlcm9wb3J0LUludGVybmF0aW9uYWwtZHUtQ2FzdGVsbGV0LmpwZyJ9\">\n\t\t\t\t\t\t\t<img decoding=\"async\" data-src=\"https:\/\/www.aeroportducastellet.com\/wp-content\/uploads\/elementor\/thumbs\/CONCIERGERIE-Aeroport-International-du-Castellet-rizn3mafz6ddhkidcvblo8fegxep6xp3wjf89yvx4g.jpg\" title=\"Conciergerie de l&rsquo;Ae\u0301roport International du Castellet\" alt=\"Conciergerie de l&#039;Ae\u0301roport International du Castellet\" src=\"data:image\/svg+xml;base64,PHN2ZyB3aWR0aD0iMSIgaGVpZ2h0PSIxIiB4bWxucz0iaHR0cDovL3d3dy53My5vcmcvMjAwMC9zdmciPjwvc3ZnPg==\" class=\"lazyload\" style=\"--smush-placeholder-width: 800px; --smush-placeholder-aspect-ratio: 800\/600;\" \/>\t\t\t\t\t\t\t\t<\/a>\n\t\t\t\t\t\t\t\t\t\t\t\t\t\t\t<\/div>\n\t\t\t\t<div class=\"elementor-element elementor-element-bf2215a animated-fast elementor-invisible elementor-widget elementor-widget-image\" data-id=\"bf2215a\" data-element_type=\"widget\" data-e-type=\"widget\" data-settings=\"{&quot;_animation&quot;:&quot;fadeInRight&quot;,&quot;_animation_delay&quot;:300}\" data-widget_type=\"image.default\">\n\t\t\t\t\t\t\t\t\t\t\t\t\t\t\t\t<a href=\"https:\/\/aeroportducastellet.com\/wp-content\/uploads\/2025\/12\/BAR-Aeroport-International-du-Castellet-e1765045372353.jpg\" data-elementor-open-lightbox=\"yes\" data-elementor-lightbox-title=\"Bar de l&#039;Ae\u0301roport International du Castellet\" data-e-action-hash=\"#elementor-action%3Aaction%3Dlightbox%26settings%3DeyJpZCI6Njk4LCJ1cmwiOiJodHRwczpcL1wvd3d3LmFlcm9wb3J0ZHVjYXN0ZWxsZXQuY29tXC93cC1jb250ZW50XC91cGxvYWRzXC8yMDI1XC8xMlwvQkFSLUFlcm9wb3J0LUludGVybmF0aW9uYWwtZHUtQ2FzdGVsbGV0LWUxNzY1MDQ1MzcyMzUzLmpwZyJ9\">\n\t\t\t\t\t\t\t<img decoding=\"async\" data-src=\"https:\/\/www.aeroportducastellet.com\/wp-content\/uploads\/elementor\/thumbs\/BAR-Aeroport-International-du-Castellet-e1765045372353-rfrpyb5kqyaoosrvd71h4l3zrc9mpkvfqp3kw1b88g.jpg\" title=\"Bar de l&rsquo;Ae\u0301roport International du Castellet\" alt=\"Bar de l&#039;Ae\u0301roport International du Castellet\" src=\"data:image\/svg+xml;base64,PHN2ZyB3aWR0aD0iMSIgaGVpZ2h0PSIxIiB4bWxucz0iaHR0cDovL3d3dy53My5vcmcvMjAwMC9zdmciPjwvc3ZnPg==\" class=\"lazyload\" style=\"--smush-placeholder-width: 800px; --smush-placeholder-aspect-ratio: 800\/600;\" \/>\t\t\t\t\t\t\t\t<\/a>\n\t\t\t\t\t\t\t\t\t\t\t\t\t\t\t<\/div>\n\t\t\t\t<\/div>\n\t\t<div class=\"elementor-element elementor-element-8ab784c e-grid e-con-full e-con e-child\" data-id=\"8ab784c\" data-element_type=\"container\" data-e-type=\"container\">\n\t\t\t\t<div class=\"elementor-element elementor-element-c46d07e elementor-invisible elementor-widget elementor-widget-image\" data-id=\"c46d07e\" data-element_type=\"widget\" data-e-type=\"widget\" data-settings=\"{&quot;_animation&quot;:&quot;fadeInLeft&quot;,&quot;_animation_delay&quot;:600}\" data-widget_type=\"image.default\">\n\t\t\t\t\t\t\t\t\t\t\t\t\t\t\t\t<a href=\"https:\/\/aeroportducastellet.com\/wp-content\/uploads\/2025\/12\/SALON-VIP-Aeroport-International-du-Castellet.jpg\" data-elementor-open-lightbox=\"yes\" data-elementor-lightbox-title=\"Salon VIP de l&#039;Ae\u0301roport International du Castellet\" data-e-action-hash=\"#elementor-action%3Aaction%3Dlightbox%26settings%3DeyJpZCI6Njg0LCJ1cmwiOiJodHRwczpcL1wvd3d3LmFlcm9wb3J0ZHVjYXN0ZWxsZXQuY29tXC93cC1jb250ZW50XC91cGxvYWRzXC8yMDI1XC8xMlwvU0FMT04tVklQLUFlcm9wb3J0LUludGVybmF0aW9uYWwtZHUtQ2FzdGVsbGV0LmpwZyJ9\">\n\t\t\t\t\t\t\t<img decoding=\"async\" data-src=\"https:\/\/www.aeroportducastellet.com\/wp-content\/uploads\/elementor\/thumbs\/SALON-VIP-Aeroport-International-du-Castellet-rizn3by7vzz7xuxe18upet1bxotnu9k2748vzxb90w.jpg\" title=\"Salon VIP de l&rsquo;Ae\u0301roport International du Castellet\" alt=\"Salon VIP de l&#039;Ae\u0301roport International du Castellet\" src=\"data:image\/svg+xml;base64,PHN2ZyB3aWR0aD0iMSIgaGVpZ2h0PSIxIiB4bWxucz0iaHR0cDovL3d3dy53My5vcmcvMjAwMC9zdmciPjwvc3ZnPg==\" class=\"lazyload\" style=\"--smush-placeholder-width: 800px; --smush-placeholder-aspect-ratio: 800\/600;\" \/>\t\t\t\t\t\t\t\t<\/a>\n\t\t\t\t\t\t\t\t\t\t\t\t\t\t\t<\/div>\n\t\t\t\t<div class=\"elementor-element elementor-element-41d2fad0 elementor-invisible elementor-widget elementor-widget-image\" data-id=\"41d2fad0\" data-element_type=\"widget\" data-e-type=\"widget\" data-settings=\"{&quot;_animation&quot;:&quot;fadeInRight&quot;,&quot;_animation_delay&quot;:600}\" data-widget_type=\"image.default\">\n\t\t\t\t\t\t\t\t\t\t\t\t\t\t\t\t<a href=\"https:\/\/aeroportducastellet.com\/wp-content\/uploads\/2025\/12\/CATERING-Aeroport-International-du-Castellet.jpg\" data-elementor-open-lightbox=\"yes\" data-elementor-lightbox-title=\"CATERING Ae\u0301roport International du Castellet\" data-e-action-hash=\"#elementor-action%3Aaction%3Dlightbox%26settings%3DeyJpZCI6Njg2LCJ1cmwiOiJodHRwczpcL1wvd3d3LmFlcm9wb3J0ZHVjYXN0ZWxsZXQuY29tXC93cC1jb250ZW50XC91cGxvYWRzXC8yMDI1XC8xMlwvQ0FURVJJTkctQWVyb3BvcnQtSW50ZXJuYXRpb25hbC1kdS1DYXN0ZWxsZXQuanBnIn0%3D\">\n\t\t\t\t\t\t\t<img decoding=\"async\" data-src=\"https:\/\/www.aeroportducastellet.com\/wp-content\/uploads\/elementor\/thumbs\/CATERING-Aeroport-International-du-Castellet-rizn3rxh46l3f8a6fxrd370618mwh4bhxbc55mnk34.jpg\" title=\"CATERING Ae\u0301roport International du Castellet\" alt=\"CATERING Ae\u0301roport International du Castellet\" src=\"data:image\/svg+xml;base64,PHN2ZyB3aWR0aD0iMSIgaGVpZ2h0PSIxIiB4bWxucz0iaHR0cDovL3d3dy53My5vcmcvMjAwMC9zdmciPjwvc3ZnPg==\" class=\"lazyload\" style=\"--smush-placeholder-width: 800px; --smush-placeholder-aspect-ratio: 800\/600;\" \/>\t\t\t\t\t\t\t\t<\/a>\n\t\t\t\t\t\t\t\t\t\t\t\t\t\t\t<\/div>\n\t\t\t\t<\/div>\n\t\t\t\t<\/div>\n\t\t<div class=\"elementor-element elementor-element-1be98f24 animated-fast e-flex e-con-boxed elementor-invisible e-con e-child\" data-id=\"1be98f24\" data-element_type=\"container\" data-e-type=\"container\" data-settings=\"{&quot;animation&quot;:&quot;fadeIn&quot;,&quot;animation_delay&quot;:1000}\">\n\t\t\t\t\t<div class=\"e-con-inner\">\n\t\t\t\t\t<\/div>\n\t\t\t\t<\/div>\n\t\t\t\t\t<\/div>\n\t\t\t\t<\/div>\n\t\t\t\t<\/div>","protected":false},"excerpt":{"rendered":"<p>Accueil VIP Une exp\u00e9rience raffin\u00e9e o\u00f9 chaque d\u00e9tail est pens\u00e9 pour garantir discr\u00e9tion, s\u00e9r\u00e9nit\u00e9 et qualit\u00e9 de service. Votre espace priv\u00e9 Destin\u00e9 \u00e0 accueillir avions priv\u00e9s et passagers du monde [&hellip;]<\/p>\n","protected":false},"author":2,"featured_media":0,"parent":0,"menu_order":0,"comment_status":"closed","ping_status":"closed","template":"","meta":{"_acf_changed":false,"_seopress_robots_primary_cat":"","_seopress_titles_title":"A\u00e9roport International du Castellet \u2013 Accueil VIP","_seopress_titles_desc":"Accueil VIP d\u00e9di\u00e9 \u00e0 l\u2019aviation d\u2019affaires \u00e0 l\u2019A\u00e9roport International du Castellet : lounge priv\u00e9, catering premium, conciergerie et services personnalis\u00e9s.","_seopress_robots_index":"","footnotes":""},"class_list":["post-41","page","type-page","status-publish","hentry"],"acf":[],"_links":{"self":[{"href":"https:\/\/www.aeroportducastellet.com\/en\/wp-json\/wp\/v2\/pages\/41","targetHints":{"allow":["GET"]}}],"collection":[{"href":"https:\/\/www.aeroportducastellet.com\/en\/wp-json\/wp\/v2\/pages"}],"about":[{"href":"https:\/\/www.aeroportducastellet.com\/en\/wp-json\/wp\/v2\/types\/page"}],"author":[{"embeddable":true,"href":"https:\/\/www.aeroportducastellet.com\/en\/wp-json\/wp\/v2\/users\/2"}],"replies":[{"embeddable":true,"href":"https:\/\/www.aeroportducastellet.com\/en\/wp-json\/wp\/v2\/comments?post=41"}],"version-history":[{"count":0,"href":"https:\/\/www.aeroportducastellet.com\/en\/wp-json\/wp\/v2\/pages\/41\/revisions"}],"wp:attachment":[{"href":"https:\/\/www.aeroportducastellet.com\/en\/wp-json\/wp\/v2\/media?parent=41"}],"curies":[{"name":"wp","href":"https:\/\/api.w.org\/{rel}","templated":true}]}}