{"id":2773,"date":"2026-02-10T16:18:54","date_gmt":"2026-02-10T15:18:54","guid":{"rendered":"https:\/\/aeroportducastellet.com\/?page_id=2773"},"modified":"2026-02-11T16:25:20","modified_gmt":"2026-02-11T15:25:20","slug":"mentions-legales","status":"publish","type":"page","link":"https:\/\/www.aeroportducastellet.com\/en\/mentions-legales\/","title":{"rendered":"Terms"},"content":{"rendered":"<div data-elementor-type=\"wp-page\" data-elementor-id=\"2773\" class=\"elementor elementor-2773\" data-elementor-post-type=\"page\">\n\t\t\t\t<div class=\"elementor-element elementor-element-43ffc5d6 e-flex e-con-boxed e-con e-parent\" data-id=\"43ffc5d6\" data-element_type=\"container\" data-e-type=\"container\" data-settings=\"{&quot;background_background&quot;:&quot;classic&quot;}\">\n\t\t\t\t\t<div class=\"e-con-inner\">\n\t\t<div class=\"elementor-element elementor-element-338e0f7f animated-fast e-flex e-con-boxed elementor-invisible e-con e-child\" data-id=\"338e0f7f\" data-element_type=\"container\" data-e-type=\"container\" data-settings=\"{&quot;animation&quot;:&quot;fadeIn&quot;,&quot;animation_delay&quot;:500}\">\n\t\t\t\t\t<div class=\"e-con-inner\">\n\t\t\t\t<div class=\"elementor-element elementor-element-20352591 elementor-widget elementor-widget-heading\" data-id=\"20352591\" data-element_type=\"widget\" data-e-type=\"widget\" data-widget_type=\"heading.default\">\n\t\t\t\t\t<h1 class=\"elementor-heading-title elementor-size-default\">Terms<\/h1>\t\t\t\t<\/div>\n\t\t\t\t<div class=\"elementor-element elementor-element-0ffb79d elementor-widget elementor-widget-text-editor\" data-id=\"0ffb79d\" data-element_type=\"widget\" data-e-type=\"widget\" data-widget_type=\"text-editor.default\">\n\t\t\t\t\t\t\t\t\t<p class=\"translation-block\">The present website is the property of the Company <strong>AEROPORT INTERNATIONAL DU CASTELLET SAS<\/strong> the company\u2019s registered office is based at:<\/p>\n<p>3100 Route des hauts du camp \u2013 83330 Le Castellet \u2013 France<br>Tel : +33(0)494 98 3999 \u2013 Fax : +33 (0) 494 98 3998<br>E-mail :&nbsp;<a href=\"mailto:ops1@aeroportducastellet.com\">ops1@aeroportducastellet.com<\/a><\/p>\n<p>\u2018SAS\u2019 with a share capital of 2,500,000 Euros Registered with the Toulon Trade and Companies Register<br>SIRET : 479 467 193 00021<br>VAT identification No : FR37 479 467 193<br>APE Code: Support activities for air transportation (5223Z)<\/p>\n<p>Purpose of the website:&nbsp;<a href=\"https:\/\/www.aeroportducastellet.com\/en\/\">https:\/\/www.aeroportducastellet.com<\/a><\/p>\n<h4>CNIL declaration number:<\/h4>\n<p>1426466<\/p>\n<h4>Publication Director:<\/h4>\n<p>Fran\u00e7ois ANDRE<\/p>\n<h4>Website produced by:<\/h4>\n<p>Unitros \u2013 14 Rue Bausset &#8211; 75015 Paris &#8211; FRANCE \u2013&nbsp;<a href=\"https:\/\/unitros.com\" target=\"_blank\" rel=\"noopener\">unitros.com<\/a>&nbsp;.<\/p>\n<h4>Website hosted by:<\/h4>\n<p>Gandi SAS<br>SASU with a share capital of \u20ac2,300,000.00, Paris Trade and Companies Register<br>Siret : 423 093 459 00042<br>APE Code: Data processing, hosting and related activities (6311Z)<br>Registered office: 63-65 BOULEVARD MASS\u00c9NA 75013 PARIS<br>Phone number: +33.170377661<\/p>\n<h4>Personal information:<\/h4>\n<p>In accordance with the French \u201cInformatique et Libert\u00e9s\u201d law of January 6, 1978 on the protection of personal data and privacy, you may at any time request to access, have corrected or deleted the personal information concerning you or object to its processing by A\u00e9roport international du Castellet.<\/p>\n<h4>The user may exercise this right by writing to:<\/h4>\n<p class=\"translation-block\">A\u00e9roport du Castellet \u2013 3100, Route des Hauts du Camp 83 330 LE CASTELLET \u2013 France The personal data that users may be required to provide is given on a voluntary basis. In the event that users do not provide this information, A\u00e9roport international du Castellet would not be able to process the corresponding files.<\/p>\n<h4>Photo copyrights:<\/h4>\n<p>E. Damagnez, J. Walzl, B. Biancotto, P. Berchery, A. Frich, P. Andruet, R. Papanti, Apicius, Jupiter Images, A\u00e9roport International du Castellet, Circuit Paul Ricard.<\/p>\t\t\t\t\t\t\t\t<\/div>\n\t\t\t\t\t<\/div>\n\t\t\t\t<\/div>\n\t\t\t\t\t<\/div>\n\t\t\t\t<\/div>\n\t\t\t\t<\/div>","protected":false},"excerpt":{"rendered":"<p>Mentions l\u00e9gales Le pr\u00e9sent site est la propri\u00e9t\u00e9 de la Soci\u00e9t\u00e9 AEROPORT INTERNATIONAL DU CASTELLET SAS&nbsp;le si\u00e8ge social de l\u2019entreprise est bas\u00e9 : 3100 Route des hauts du camp \u2013 [&hellip;]<\/p>\n","protected":false},"author":2,"featured_media":0,"parent":0,"menu_order":0,"comment_status":"closed","ping_status":"closed","template":"","meta":{"_acf_changed":false,"_seopress_robots_primary_cat":"","_seopress_titles_title":"","_seopress_titles_desc":"","_seopress_robots_index":"","footnotes":""},"class_list":["post-2773","page","type-page","status-publish","hentry"],"acf":[],"_links":{"self":[{"href":"https:\/\/www.aeroportducastellet.com\/en\/wp-json\/wp\/v2\/pages\/2773","targetHints":{"allow":["GET"]}}],"collection":[{"href":"https:\/\/www.aeroportducastellet.com\/en\/wp-json\/wp\/v2\/pages"}],"about":[{"href":"https:\/\/www.aeroportducastellet.com\/en\/wp-json\/wp\/v2\/types\/page"}],"author":[{"embeddable":true,"href":"https:\/\/www.aeroportducastellet.com\/en\/wp-json\/wp\/v2\/users\/2"}],"replies":[{"embeddable":true,"href":"https:\/\/www.aeroportducastellet.com\/en\/wp-json\/wp\/v2\/comments?post=2773"}],"version-history":[{"count":0,"href":"https:\/\/www.aeroportducastellet.com\/en\/wp-json\/wp\/v2\/pages\/2773\/revisions"}],"wp:attachment":[{"href":"https:\/\/www.aeroportducastellet.com\/en\/wp-json\/wp\/v2\/media?parent=2773"}],"curies":[{"name":"wp","href":"https:\/\/api.w.org\/{rel}","templated":true}]}}